{"id":1762,"date":"2017-12-03T05:48:00","date_gmt":"2017-12-03T05:48:00","guid":{"rendered":"http:\/\/vilanovadisanta.com\/les-cases\/"},"modified":"2019-01-14T15:36:34","modified_gmt":"2019-01-14T15:36:34","slug":"les-cases","status":"publish","type":"page","link":"http:\/\/vilanovadisanta.com\/fr\/les-cases\/","title":{"rendered":"Nos maisons"},"content":{"rendered":"\t\t<div data-elementor-type=\"wp-post\" data-elementor-id=\"1762\" class=\"elementor elementor-1762 elementor-20 elementor-bc-flex-widget\">\n\t\t\t\t\t\t<section class=\"elementor-section elementor-top-section elementor-element elementor-element-6229ba4 elementor-section-full_width elementor-section-height-min-height elementor-section-height-default elementor-section-items-middle\" data-id=\"6229ba4\" data-element_type=\"section\" data-settings=\"{&quot;background_background&quot;:&quot;classic&quot;}\">\n\t\t\t\t\t\t\t<div class=\"elementor-background-overlay\"><\/div>\n\t\t\t\t\t\t\t<div class=\"elementor-container elementor-column-gap-default\">\n\t\t\t\t\t<div class=\"elementor-column elementor-col-100 elementor-top-column elementor-element elementor-element-1f66876d\" data-id=\"1f66876d\" data-element_type=\"column\">\n\t\t\t<div class=\"elementor-widget-wrap elementor-element-populated\">\n\t\t\t\t\t\t<div class=\"elementor-element elementor-element-68d1557 elementor-widget elementor-widget-spacer\" data-id=\"68d1557\" data-element_type=\"widget\" data-widget_type=\"spacer.default\">\n\t\t\t\t<div class=\"elementor-widget-container\">\n\t\t\t\t\t<div class=\"elementor-spacer\">\n\t\t\t<div class=\"elementor-spacer-inner\"><\/div>\n\t\t<\/div>\n\t\t\t\t<\/div>\n\t\t\t\t<\/div>\n\t\t\t\t<div class=\"elementor-element elementor-element-321bcc27 elementor-view-default elementor-position-top elementor-invisible elementor-widget elementor-widget-themo-header\" data-id=\"321bcc27\" data-element_type=\"widget\" data-settings=\"{&quot;_animation&quot;:&quot;fadeIn&quot;}\" data-widget_type=\"themo-header.default\">\n\t\t\t\t<div class=\"elementor-widget-container\">\n\t\t\t\t\t<div class=\"th-header-wrap\">\n        <div class=\"elementor-icon-box-wrapper \">\n                            <div class=\"elementor-icon-box-content\">\n                    <h1 class=\"elementor-icon-box-title\">\n                        NOS MAISONS                    <\/h1>\n                                        <p class=\"elementor-icon-box-description\"><\/p>\n\n                                    <\/div>\n            <\/div>\n\n        <\/div>\n\n\t\t\t\t<\/div>\n\t\t\t\t<\/div>\n\t\t\t\t\t<\/div>\n\t\t<\/div>\n\t\t\t\t\t<\/div>\n\t\t<\/section>\n\t\t\t\t<section class=\"elementor-section elementor-top-section elementor-element elementor-element-51204c8d elementor-section-boxed elementor-section-height-default elementor-section-height-default\" data-id=\"51204c8d\" data-element_type=\"section\" data-settings=\"{&quot;background_background&quot;:&quot;classic&quot;}\">\n\t\t\t\t\t\t<div class=\"elementor-container elementor-column-gap-default\">\n\t\t\t\t\t<div class=\"elementor-column elementor-col-100 elementor-top-column elementor-element elementor-element-50ec539c\" data-id=\"50ec539c\" data-element_type=\"column\">\n\t\t\t<div class=\"elementor-widget-wrap elementor-element-populated\">\n\t\t\t\t\t\t<div class=\"elementor-element elementor-element-183c3c17 elementor-widget elementor-widget-spacer\" data-id=\"183c3c17\" data-element_type=\"widget\" data-widget_type=\"spacer.default\">\n\t\t\t\t<div class=\"elementor-widget-container\">\n\t\t\t\t\t<div class=\"elementor-spacer\">\n\t\t\t<div class=\"elementor-spacer-inner\"><\/div>\n\t\t<\/div>\n\t\t\t\t<\/div>\n\t\t\t\t<\/div>\n\t\t\t\t<div class=\"elementor-element elementor-element-63297780 elementor-view-default elementor-position-top elementor-widget elementor-widget-themo-header\" data-id=\"63297780\" data-element_type=\"widget\" data-widget_type=\"themo-header.default\">\n\t\t\t\t<div class=\"elementor-widget-container\">\n\t\t\t\t\t<div class=\"th-header-wrap\">\n        <div class=\"elementor-icon-box-wrapper th-show-icon\">\n                            <div class=\"elementor-icon-box-icon th-icon-size-md\">\n                    <span class=\"elementor-icon \">\n                        <i class=\"th-linea icon-basic-home\" aria-hidden=\"true\" fff><\/i>                    <\/span>\n                <\/div>\n                                <div class=\"elementor-icon-box-content\">\n                    <h2 class=\"elementor-icon-box-title\">\n                        Spicatum et La Bassa                    <\/h2>\n                                            <span class=\"th-header-divider\"><\/span>\n                                        <p class=\"elementor-icon-box-description\">\u00c0 Vilanova d'Isanta, nous avons deux maisons ind\u00e9pendantes enti\u00e8rement \u00e9quip\u00e9es. En plus, nous avons une piscine et un environnement unique dont vous pouvez facilement tomber amoureux.<\/p>\n\n                                    <\/div>\n            <\/div>\n\n        <\/div>\n\n\t\t\t\t<\/div>\n\t\t\t\t<\/div>\n\t\t\t\t<div class=\"elementor-element elementor-element-40b9772e elementor-widget elementor-widget-spacer\" data-id=\"40b9772e\" data-element_type=\"widget\" data-widget_type=\"spacer.default\">\n\t\t\t\t<div class=\"elementor-widget-container\">\n\t\t\t\t\t<div class=\"elementor-spacer\">\n\t\t\t<div class=\"elementor-spacer-inner\"><\/div>\n\t\t<\/div>\n\t\t\t\t<\/div>\n\t\t\t\t<\/div>\n\t\t\t\t\t<\/div>\n\t\t<\/div>\n\t\t\t\t\t<\/div>\n\t\t<\/section>\n\t\t\t\t<section class=\"elementor-section elementor-top-section elementor-element elementor-element-1b770e10 elementor-section-boxed elementor-section-height-default elementor-section-height-default\" data-id=\"1b770e10\" data-element_type=\"section\" data-settings=\"{&quot;background_background&quot;:&quot;classic&quot;}\">\n\t\t\t\t\t\t<div class=\"elementor-container elementor-column-gap-no\">\n\t\t\t\t\t<div class=\"elementor-column elementor-col-100 elementor-top-column elementor-element elementor-element-7b4a8f61\" data-id=\"7b4a8f61\" data-element_type=\"column\">\n\t\t\t<div class=\"elementor-widget-wrap elementor-element-populated\">\n\t\t\t\t\t\t<div class=\"elementor-element elementor-element-9c73170 elementor-widget elementor-widget-themo-room-grid\" data-id=\"9c73170\" data-element_type=\"widget\" data-widget_type=\"themo-room-grid.default\">\n\t\t\t\t<div class=\"elementor-widget-container\">\n\t\t\t\n                <div id=\"th-portfolio-content-69ecf476ece01\" class=\"th-portfolio\">\n\n            \n            <div id=\"th-portfolio-row\" class=\"th-portfolio-row row portfolio_content  two-columns th-port-gutter\">\n\n                                        <div id=\"post-1703\" class=\"th-portfolio-item item col-sm-6 post-1703 themo_room type-themo_room status-publish format-standard has-post-thumbnail hentry\">\n\n                                                        <div class=\"th-port-wrap\">\n                                                            <img fetchpriority=\"high\" decoding=\"async\" width=\"605\" height=\"605\" src=\"http:\/\/vilanovadisanta.com\/wp-content\/uploads\/2018\/05\/exteriors3-min-605x605.jpg\" class=\"img-responsive th-port-img wp-post-image\" alt=\"\" \/>                                                                <div class=\"th-port-overlay\"><\/div>\n                                <div class=\"th-port-inner\">\n                                                                        <div class=\"th-port-center\">\n                                        <h3 class=\"th-port-title\">Piscine<\/h3>\n                                        <p class=\"th-port-sub th-else\">Ouvert 24 heures \u2013 12 x 5 m\u00e8tres<\/p>\n                                        \n                                                                            <\/div>\n                                    <a href=\"http:\/\/vilanovadisanta.com\/fr\/room\/piscina\/\" class=\"th-port-link\" ><\/a>                                <\/div>\n                            <\/div>\n                                                    <\/div>\n                                                <div id=\"post-1693\" class=\"th-portfolio-item item col-sm-6 post-1693 themo_room type-themo_room status-publish format-standard has-post-thumbnail hentry\">\n\n                                                        <div class=\"th-port-wrap\">\n                                                            <img decoding=\"async\" width=\"605\" height=\"605\" src=\"http:\/\/vilanovadisanta.com\/wp-content\/uploads\/2018\/05\/entorn-principal-min-605x605.jpg\" class=\"img-responsive th-port-img wp-post-image\" alt=\"\" \/>                                                                <div class=\"th-port-overlay\"><\/div>\n                                <div class=\"th-port-inner\">\n                                                                        <div class=\"th-port-center\">\n                                        <h3 class=\"th-port-title\">Exterieurs<\/h3>\n                                        <p class=\"th-port-sub th-else\">Silence, paysage et nature<\/p>\n                                        \n                                                                            <\/div>\n                                    <a href=\"http:\/\/vilanovadisanta.com\/fr\/room\/exteriors\/\" class=\"th-port-link\" ><\/a>                                <\/div>\n                            <\/div>\n                                                    <\/div>\n                                                <div id=\"post-1714\" class=\"th-portfolio-item item col-sm-6 post-1714 themo_room type-themo_room status-publish format-standard has-post-thumbnail hentry\">\n\n                                                        <div class=\"th-port-wrap\">\n                                                            <img decoding=\"async\" width=\"605\" height=\"605\" src=\"http:\/\/vilanovadisanta.com\/wp-content\/uploads\/2018\/05\/labassa-min-605x605.jpg\" class=\"img-responsive th-port-img wp-post-image\" alt=\"\" \/>                                                                <div class=\"th-port-overlay\"><\/div>\n                                <div class=\"th-port-inner\">\n                                                                        <div class=\"th-port-center\">\n                                        <h3 class=\"th-port-title\">La Bassa<\/h3>\n                                        <p class=\"th-port-sub th-else\">2 chambres et 2 salle de bain<\/p>\n                                        \n                                                                            <\/div>\n                                    <a href=\"http:\/\/vilanovadisanta.com\/fr\/room\/la-bassa\/\" class=\"th-port-link\" ><\/a>                                <\/div>\n                            <\/div>\n                                                    <\/div>\n                                                <div id=\"post-1726\" class=\"th-portfolio-item item col-sm-6 post-1726 themo_room type-themo_room status-publish format-standard has-post-thumbnail hentry\">\n\n                                                        <div class=\"th-port-wrap\">\n                                                            <img loading=\"lazy\" decoding=\"async\" width=\"605\" height=\"605\" src=\"http:\/\/vilanovadisanta.com\/wp-content\/uploads\/2018\/07\/Spicatum0-1-605x605.jpg\" class=\"img-responsive th-port-img wp-post-image\" alt=\"\" \/>                                                                <div class=\"th-port-overlay\"><\/div>\n                                <div class=\"th-port-inner\">\n                                                                        <div class=\"th-port-center\">\n                                        <h3 class=\"th-port-title\">Spicatum<\/h3>\n                                        <p class=\"th-port-sub th-else\">2 chambres et 2 salle de bain<\/p>\n                                        \n                                                                            <\/div>\n                                    <a href=\"http:\/\/vilanovadisanta.com\/fr\/room\/spicatum\/\" class=\"th-port-link\" ><\/a>                                <\/div>\n                            <\/div>\n                                                    <\/div>\n                        \n            <\/div>\n\n        <\/div>\n\n        \t\t<\/div>\n\t\t\t\t<\/div>\n\t\t\t\t\t<\/div>\n\t\t<\/div>\n\t\t\t\t\t<\/div>\n\t\t<\/section>\n\t\t\t\t<section class=\"elementor-section elementor-top-section elementor-element elementor-element-59f3756 elementor-section-boxed elementor-section-height-default elementor-section-height-default\" data-id=\"59f3756\" data-element_type=\"section\">\n\t\t\t\t\t\t<div class=\"elementor-container elementor-column-gap-default\">\n\t\t\t\t\t<div class=\"elementor-column elementor-col-100 elementor-top-column elementor-element elementor-element-23d9b11\" data-id=\"23d9b11\" data-element_type=\"column\">\n\t\t\t<div class=\"elementor-widget-wrap elementor-element-populated\">\n\t\t\t\t\t\t<div class=\"elementor-element elementor-element-cbc5e72 elementor-widget elementor-widget-spacer\" data-id=\"cbc5e72\" data-element_type=\"widget\" data-widget_type=\"spacer.default\">\n\t\t\t\t<div class=\"elementor-widget-container\">\n\t\t\t\t\t<div class=\"elementor-spacer\">\n\t\t\t<div class=\"elementor-spacer-inner\"><\/div>\n\t\t<\/div>\n\t\t\t\t<\/div>\n\t\t\t\t<\/div>\n\t\t\t\t\t<\/div>\n\t\t<\/div>\n\t\t\t\t\t<\/div>\n\t\t<\/section>\n\t\t\t\t<\/div>\n\t\t","protected":false},"excerpt":{"rendered":"<p>NOS MAISONS Spicatum\u2026<\/p>\n","protected":false},"author":1,"featured_media":0,"parent":0,"menu_order":12,"comment_status":"closed","ping_status":"closed","template":"","meta":{"footnotes":""},"class_list":["post-1762","page","type-page","status-publish","hentry"],"yoast_head":"<!-- This site is optimized with the Yoast SEO plugin v26.7 - https:\/\/yoast.com\/wordpress\/plugins\/seo\/ -->\n<title>Nos maisons - Vilanova d&#039;Isanta<\/title>\n<meta name=\"robots\" content=\"index, follow, max-snippet:-1, max-image-preview:large, max-video-preview:-1\" \/>\n<link rel=\"canonical\" href=\"http:\/\/vilanovadisanta.com\/fr\/les-cases\/\" \/>\n<meta property=\"og:locale\" content=\"fr_FR\" \/>\n<meta property=\"og:type\" content=\"article\" \/>\n<meta property=\"og:title\" content=\"Nos maisons - Vilanova d&#039;Isanta\" \/>\n<meta property=\"og:description\" content=\"NOS MAISONS Spicatum\u2026\" \/>\n<meta property=\"og:url\" content=\"http:\/\/vilanovadisanta.com\/fr\/les-cases\/\" \/>\n<meta property=\"og:site_name\" content=\"Vilanova d&#039;Isanta\" \/>\n<meta property=\"article:modified_time\" content=\"2019-01-14T15:36:34+00:00\" \/>\n<meta property=\"og:image\" content=\"http:\/\/vilanovadisanta.com\/wp-content\/uploads\/2018\/05\/labassa-min-605x605.jpg\" \/>\n<meta name=\"twitter:card\" content=\"summary_large_image\" \/>\n<script type=\"application\/ld+json\" class=\"yoast-schema-graph\">{\"@context\":\"https:\/\/schema.org\",\"@graph\":[{\"@type\":\"WebPage\",\"@id\":\"http:\/\/vilanovadisanta.com\/fr\/les-cases\/\",\"url\":\"http:\/\/vilanovadisanta.com\/fr\/les-cases\/\",\"name\":\"Nos maisons - Vilanova d&#039;Isanta\",\"isPartOf\":{\"@id\":\"https:\/\/vilanovadisanta.com\/#website\"},\"primaryImageOfPage\":{\"@id\":\"http:\/\/vilanovadisanta.com\/fr\/les-cases\/#primaryimage\"},\"image\":{\"@id\":\"http:\/\/vilanovadisanta.com\/fr\/les-cases\/#primaryimage\"},\"thumbnailUrl\":\"http:\/\/vilanovadisanta.com\/wp-content\/uploads\/2018\/05\/labassa-min-605x605.jpg\",\"datePublished\":\"2017-12-03T05:48:00+00:00\",\"dateModified\":\"2019-01-14T15:36:34+00:00\",\"breadcrumb\":{\"@id\":\"http:\/\/vilanovadisanta.com\/fr\/les-cases\/#breadcrumb\"},\"inLanguage\":\"fr-FR\",\"potentialAction\":[{\"@type\":\"ReadAction\",\"target\":[\"http:\/\/vilanovadisanta.com\/fr\/les-cases\/\"]}]},{\"@type\":\"ImageObject\",\"inLanguage\":\"fr-FR\",\"@id\":\"http:\/\/vilanovadisanta.com\/fr\/les-cases\/#primaryimage\",\"url\":\"http:\/\/vilanovadisanta.com\/wp-content\/uploads\/2018\/05\/labassa-min-605x605.jpg\",\"contentUrl\":\"http:\/\/vilanovadisanta.com\/wp-content\/uploads\/2018\/05\/labassa-min-605x605.jpg\"},{\"@type\":\"BreadcrumbList\",\"@id\":\"http:\/\/vilanovadisanta.com\/fr\/les-cases\/#breadcrumb\",\"itemListElement\":[{\"@type\":\"ListItem\",\"position\":1,\"name\":\"Portada\",\"item\":\"http:\/\/vilanovadisanta.com\/fr\/\"},{\"@type\":\"ListItem\",\"position\":2,\"name\":\"Nos maisons\"}]},{\"@type\":\"WebSite\",\"@id\":\"https:\/\/vilanovadisanta.com\/#website\",\"url\":\"https:\/\/vilanovadisanta.com\/\",\"name\":\"Vilanova d&#039;Isanta\",\"description\":\"\",\"publisher\":{\"@id\":\"https:\/\/vilanovadisanta.com\/#organization\"},\"potentialAction\":[{\"@type\":\"SearchAction\",\"target\":{\"@type\":\"EntryPoint\",\"urlTemplate\":\"https:\/\/vilanovadisanta.com\/?s={search_term_string}\"},\"query-input\":{\"@type\":\"PropertyValueSpecification\",\"valueRequired\":true,\"valueName\":\"search_term_string\"}}],\"inLanguage\":\"fr-FR\"},{\"@type\":\"Organization\",\"@id\":\"https:\/\/vilanovadisanta.com\/#organization\",\"name\":\"Vilanova d&#039;Isanta\",\"url\":\"https:\/\/vilanovadisanta.com\/\",\"logo\":{\"@type\":\"ImageObject\",\"inLanguage\":\"fr-FR\",\"@id\":\"https:\/\/vilanovadisanta.com\/#\/schema\/logo\/image\/\",\"url\":\"http:\/\/vilanovadisanta.com\/wp-content\/uploads\/2018\/09\/LogoVilanova_blanc-bo.png\",\"contentUrl\":\"http:\/\/vilanovadisanta.com\/wp-content\/uploads\/2018\/09\/LogoVilanova_blanc-bo.png\",\"width\":300,\"height\":136,\"caption\":\"Vilanova d&#039;Isanta\"},\"image\":{\"@id\":\"https:\/\/vilanovadisanta.com\/#\/schema\/logo\/image\/\"}}]}<\/script>\n<!-- \/ Yoast SEO plugin. -->","yoast_head_json":{"title":"Nos maisons - Vilanova d&#039;Isanta","robots":{"index":"index","follow":"follow","max-snippet":"max-snippet:-1","max-image-preview":"max-image-preview:large","max-video-preview":"max-video-preview:-1"},"canonical":"http:\/\/vilanovadisanta.com\/fr\/les-cases\/","og_locale":"fr_FR","og_type":"article","og_title":"Nos maisons - Vilanova d&#039;Isanta","og_description":"NOS MAISONS Spicatum\u2026","og_url":"http:\/\/vilanovadisanta.com\/fr\/les-cases\/","og_site_name":"Vilanova d&#039;Isanta","article_modified_time":"2019-01-14T15:36:34+00:00","og_image":[{"url":"http:\/\/vilanovadisanta.com\/wp-content\/uploads\/2018\/05\/labassa-min-605x605.jpg","type":"","width":"","height":""}],"twitter_card":"summary_large_image","schema":{"@context":"https:\/\/schema.org","@graph":[{"@type":"WebPage","@id":"http:\/\/vilanovadisanta.com\/fr\/les-cases\/","url":"http:\/\/vilanovadisanta.com\/fr\/les-cases\/","name":"Nos maisons - Vilanova d&#039;Isanta","isPartOf":{"@id":"https:\/\/vilanovadisanta.com\/#website"},"primaryImageOfPage":{"@id":"http:\/\/vilanovadisanta.com\/fr\/les-cases\/#primaryimage"},"image":{"@id":"http:\/\/vilanovadisanta.com\/fr\/les-cases\/#primaryimage"},"thumbnailUrl":"http:\/\/vilanovadisanta.com\/wp-content\/uploads\/2018\/05\/labassa-min-605x605.jpg","datePublished":"2017-12-03T05:48:00+00:00","dateModified":"2019-01-14T15:36:34+00:00","breadcrumb":{"@id":"http:\/\/vilanovadisanta.com\/fr\/les-cases\/#breadcrumb"},"inLanguage":"fr-FR","potentialAction":[{"@type":"ReadAction","target":["http:\/\/vilanovadisanta.com\/fr\/les-cases\/"]}]},{"@type":"ImageObject","inLanguage":"fr-FR","@id":"http:\/\/vilanovadisanta.com\/fr\/les-cases\/#primaryimage","url":"http:\/\/vilanovadisanta.com\/wp-content\/uploads\/2018\/05\/labassa-min-605x605.jpg","contentUrl":"http:\/\/vilanovadisanta.com\/wp-content\/uploads\/2018\/05\/labassa-min-605x605.jpg"},{"@type":"BreadcrumbList","@id":"http:\/\/vilanovadisanta.com\/fr\/les-cases\/#breadcrumb","itemListElement":[{"@type":"ListItem","position":1,"name":"Portada","item":"http:\/\/vilanovadisanta.com\/fr\/"},{"@type":"ListItem","position":2,"name":"Nos maisons"}]},{"@type":"WebSite","@id":"https:\/\/vilanovadisanta.com\/#website","url":"https:\/\/vilanovadisanta.com\/","name":"Vilanova d&#039;Isanta","description":"","publisher":{"@id":"https:\/\/vilanovadisanta.com\/#organization"},"potentialAction":[{"@type":"SearchAction","target":{"@type":"EntryPoint","urlTemplate":"https:\/\/vilanovadisanta.com\/?s={search_term_string}"},"query-input":{"@type":"PropertyValueSpecification","valueRequired":true,"valueName":"search_term_string"}}],"inLanguage":"fr-FR"},{"@type":"Organization","@id":"https:\/\/vilanovadisanta.com\/#organization","name":"Vilanova d&#039;Isanta","url":"https:\/\/vilanovadisanta.com\/","logo":{"@type":"ImageObject","inLanguage":"fr-FR","@id":"https:\/\/vilanovadisanta.com\/#\/schema\/logo\/image\/","url":"http:\/\/vilanovadisanta.com\/wp-content\/uploads\/2018\/09\/LogoVilanova_blanc-bo.png","contentUrl":"http:\/\/vilanovadisanta.com\/wp-content\/uploads\/2018\/09\/LogoVilanova_blanc-bo.png","width":300,"height":136,"caption":"Vilanova d&#039;Isanta"},"image":{"@id":"https:\/\/vilanovadisanta.com\/#\/schema\/logo\/image\/"}}]}},"_links":{"self":[{"href":"http:\/\/vilanovadisanta.com\/fr\/wp-json\/wp\/v2\/pages\/1762","targetHints":{"allow":["GET"]}}],"collection":[{"href":"http:\/\/vilanovadisanta.com\/fr\/wp-json\/wp\/v2\/pages"}],"about":[{"href":"http:\/\/vilanovadisanta.com\/fr\/wp-json\/wp\/v2\/types\/page"}],"author":[{"embeddable":true,"href":"http:\/\/vilanovadisanta.com\/fr\/wp-json\/wp\/v2\/users\/1"}],"replies":[{"embeddable":true,"href":"http:\/\/vilanovadisanta.com\/fr\/wp-json\/wp\/v2\/comments?post=1762"}],"version-history":[{"count":6,"href":"http:\/\/vilanovadisanta.com\/fr\/wp-json\/wp\/v2\/pages\/1762\/revisions"}],"predecessor-version":[{"id":1975,"href":"http:\/\/vilanovadisanta.com\/fr\/wp-json\/wp\/v2\/pages\/1762\/revisions\/1975"}],"wp:attachment":[{"href":"http:\/\/vilanovadisanta.com\/fr\/wp-json\/wp\/v2\/media?parent=1762"}],"curies":[{"name":"wp","href":"https:\/\/api.w.org\/{rel}","templated":true}]}}