{"id":2279,"date":"2018-07-02T08:47:49","date_gmt":"2018-07-02T08:47:49","guid":{"rendered":"http:\/\/vilanovadisanta.com\/politica-cookies\/"},"modified":"2018-07-02T08:47:49","modified_gmt":"2018-07-02T08:47:49","slug":"politica-cookies","status":"publish","type":"page","link":"https:\/\/vilanovadisanta.com\/en\/politica-cookies\/","title":{"rendered":"Pol\u00edtica de cookies"},"content":{"rendered":"\t\t<div data-elementor-type=\"wp-post\" data-elementor-id=\"2279\" class=\"elementor elementor-2279 elementor-885 elementor-bc-flex-widget\">\n\t\t\t\t\t\t<section class=\"elementor-section elementor-top-section elementor-element elementor-element-c2ce0d0 elementor-section-boxed elementor-section-height-default elementor-section-height-default\" data-id=\"c2ce0d0\" data-element_type=\"section\">\n\t\t\t\t\t\t<div class=\"elementor-container elementor-column-gap-default\">\n\t\t\t\t\t<div class=\"elementor-column elementor-col-100 elementor-top-column elementor-element elementor-element-c454ccc\" data-id=\"c454ccc\" data-element_type=\"column\">\n\t\t\t<div class=\"elementor-widget-wrap elementor-element-populated\">\n\t\t\t\t\t\t<div class=\"elementor-element elementor-element-97eb18d elementor-widget elementor-widget-text-editor\" data-id=\"97eb18d\" data-element_type=\"widget\" data-widget_type=\"text-editor.default\">\n\t\t\t\t<div class=\"elementor-widget-container\">\n\t\t\t\t\t\t\t<h3><strong>Qu\u00e8 son les cookies?<\/strong><\/h3><p>Una cookie es un fitxer que es descarrega al seu ordinador al accedir a determinades p\u00e0gines web. Les cookies permeten a una p\u00e0gina web, entre altres coses, emmagatzemar y recuperar informaci\u00f3 sobre els h\u00e0bits de navegaci\u00f3 d\u2019un usuari o del seu equip i, depenent de la informaci\u00f3 que contingui i de la forma en que utilitzi el seu equip, poden utilitzar-se per recon\u00e8ixer l\u2019usuari.<\/p><h3><strong>Quin tipus de cookies utilitza aquesta p\u00e0gina web?<\/strong><\/h3><p>Aquesta p\u00e0gina web utilitza els seg\u00fcents tipus de cookies:<\/p><p><strong>Cookies d\u2019an\u00e0lisis<\/strong>: S\u00f3n aquelles que ben tractades per nosaltres o per tercers, ens permeten quantificar el n\u00famero de usuaris y aix\u00ed realitzar la mesura y an\u00e0lisis estad\u00edstic de la utilitzaci\u00f3 que fan els usuaris del servei que oferim. Per aix\u00f2 s\u2019analitza la seva navegaci\u00f3 en la nostra p\u00e0gina web amb el fi de millorar la oferta de productes o serveis que oferim.<\/p><p><strong>Cookies t\u00e8cniques:<\/strong>\u00a0S\u00f3n aquelles que permeten al l\u2019usuari la navegaci\u00f3 a trav\u00e9s de l\u2019\u00e0rea restringida y la utilitzaci\u00f3 de les seves diferents funcions, com per exemple, portar a terme el proc\u00e9s de compra d\u2019un article.<\/p><p><strong>Cookies de personalitzaci\u00f3:<\/strong>\u00a0S\u00f3n aquelles que permeten al usuari accedir al servei amb algunes caracter\u00edstiques de car\u00e0cter general predefinides en funci\u00f3 d\u2019una s\u00e8rie de criteris en el terminal de l\u2019usuari com per exemple l\u2019idioma o el tipus de navegador a trav\u00e9s del qual es connecta a la web.<\/p><p><strong>Cookies publicit\u00e0ries:<\/strong>\u00a0S\u00f3n aquelles que, ben tractades per aquesta web o per tercers, permeten gestionar de la forma m\u00e9s eficient possible la oferta dels espais publicitaris que hi ha a la p\u00e0gina web, adequant el contingut de l\u2019anunci al contingut del servei sol\u00b7licitat o al \u00fas que realitzi de la nostre p\u00e0gina web. Per aix\u00f2 podem analitzar els seus h\u00e0bits de navegaci\u00f3 per internet i podem mostrar-li publicitat relacionada amb el seu perfil de navegaci\u00f3.<\/p><p><strong>Cookies de publicitat comportamental:<\/strong>\u00a0Son aquelles que permeten la gesti\u00f3, de la forma m\u00e9s eficient possible, dels espais publicitaris que, en el seu cas, l\u2019editor hagi incl\u00f2s en una pagina web, aplicaci\u00f3 o plataforma des de la que es presta el servei sol\u00b7licitat. Aquest tipus de cookies emmagatzemen informaci\u00f3 del comportament dels visitants obtinguda a trav\u00e9s d ela observaci\u00f3 continuada dels seus h\u00e0bits de navegaci\u00f3. El que permet desenvolupar un perfil espec\u00edfic per mostrar avisos publicitaris en funci\u00f3 del mateix.<\/p><h3><strong>Desactivar les cookies<\/strong><\/h3><p>Vost\u00e8 pot permetre, blocar o eliminar les cookies instal\u00b7lades al seu equipo a trav\u00e9s de la configuraci\u00f3 de les opcions del seu navegador. En la majoria de navegadors s\u2019ofereix la possibilitat de permetre, blocar o eliminar les cookies instal\u00b7lades en el seu equip.<\/p><p>A continuaci\u00f3 pot accedir a la configuraci\u00f3 dels navegadors webs m\u00e9s freq\u00fcents per acceptar, instal\u00b7lar o desactivar les cookies:<\/p><p><a href=\"https:\/\/support.google.com\/chrome\/answer\/95647?hl=es\">Configurar cookies en Google Chrome<\/a><\/p><p><a href=\"http:\/\/windows.microsoft.com\/es-es\/windows7\/how-to-manage-cookies-in-internet-explorer-9\">Configurar cookies en Microsoft Internet Explorer<\/a><\/p><p><a href=\"https:\/\/support.mozilla.org\/es\/kb\/habilitar-y-deshabilitar-cookies-sitios-web-rastrear-preferencias?redirectlocale=es&amp;redirectslug=habilitar-y-deshabilitar-cookies-que-los-sitios-we\">Configurar cookies en Mozilla Firefox<\/a><\/p><p><a href=\"https:\/\/support.apple.com\/es-es\/HT201265\">Configurar cookies en Safari (Apple)<\/a><\/p><h3><strong>Cookies de tercers<\/strong><\/h3><p>Aquesta p\u00e0gina web utilitza serveis de tercers per recopilar informaci\u00f3 amb fins estad\u00edstics i d\u2019\u00fas de la web.<\/p><p>El nostre lloc web inclou altres funcionalitats proporcionades per tercers. Vost\u00e8 pot compartir f\u00e0cilment en contingut en xarxes socials com Facebook, Twitter o Google + amb els botons que hem incl\u00f2s per a tal efecte.<\/p><h3><strong>Advert\u00e8ncia sobre l\u2019eliminaci\u00f3 de cookies<\/strong><\/h3><p>Vost\u00e8 pot eliminar i blocar totes les cookies d\u2019aquest lloc per\u00f2 part de la p\u00e0gina web no funcionar\u00e0 o la qualitat de la mateixa es pot veure afectada.<\/p><p>Si t\u00e9 qualsevol dubte sobre la nostra pol\u00edtica de cookies, pot contactar amb els administradors d\u2019aquest lloc a trav\u00e9s dels diferents canals que oferim en la p\u00e0gina web.<\/p><p>\u00a0<\/p>\t\t\t\t\t\t<\/div>\n\t\t\t\t<\/div>\n\t\t\t\t\t<\/div>\n\t\t<\/div>\n\t\t\t\t\t<\/div>\n\t\t<\/section>\n\t\t\t\t<\/div>\n\t\t","protected":false},"excerpt":{"rendered":"<p>Qu\u00e8 son les cookies? Una cookie es un fitxer que es descarrega al seu ordinador al accedir a determinades p\u00e0gines web. Les cookies permeten a una p\u00e0gina web, entre altres coses, emmagatzemar y recuperar informaci\u00f3 sobre els h\u00e0bits de navegaci\u00f3 &hellip; <a href=\"https:\/\/vilanovadisanta.com\/en\/politica-cookies\/\">Read More<\/a><\/p>\n","protected":false},"author":1,"featured_media":0,"parent":0,"menu_order":0,"comment_status":"closed","ping_status":"closed","template":"","meta":{"footnotes":""},"class_list":["post-2279","page","type-page","status-publish","hentry"],"yoast_head":"<!-- This site is optimized with the Yoast SEO plugin v26.7 - https:\/\/yoast.com\/wordpress\/plugins\/seo\/ -->\n<title>Pol\u00edtica de cookies - Vilanova d&#039;Isanta<\/title>\n<meta name=\"robots\" content=\"index, follow, max-snippet:-1, max-image-preview:large, max-video-preview:-1\" \/>\n<link rel=\"canonical\" href=\"https:\/\/vilanovadisanta.com\/en\/politica-cookies\/\" \/>\n<meta property=\"og:locale\" content=\"en_US\" \/>\n<meta property=\"og:type\" content=\"article\" \/>\n<meta property=\"og:title\" content=\"Pol\u00edtica de cookies - Vilanova d&#039;Isanta\" \/>\n<meta property=\"og:description\" content=\"Qu\u00e8 son les cookies? Una cookie es un fitxer que es descarrega al seu ordinador al accedir a determinades p\u00e0gines web. Les cookies permeten a una p\u00e0gina web, entre altres coses, emmagatzemar y recuperar informaci\u00f3 sobre els h\u00e0bits de navegaci\u00f3 &hellip; Read More\" \/>\n<meta property=\"og:url\" content=\"https:\/\/vilanovadisanta.com\/en\/politica-cookies\/\" \/>\n<meta property=\"og:site_name\" content=\"Vilanova d&#039;Isanta\" \/>\n<meta name=\"twitter:card\" content=\"summary_large_image\" \/>\n<meta name=\"twitter:label1\" content=\"Est. reading time\" \/>\n\t<meta name=\"twitter:data1\" content=\"3 minutes\" \/>\n<script type=\"application\/ld+json\" class=\"yoast-schema-graph\">{\"@context\":\"https:\/\/schema.org\",\"@graph\":[{\"@type\":\"WebPage\",\"@id\":\"https:\/\/vilanovadisanta.com\/en\/politica-cookies\/\",\"url\":\"https:\/\/vilanovadisanta.com\/en\/politica-cookies\/\",\"name\":\"Pol\u00edtica de cookies - Vilanova d&#039;Isanta\",\"isPartOf\":{\"@id\":\"https:\/\/vilanovadisanta.com\/#website\"},\"datePublished\":\"2018-07-02T08:47:49+00:00\",\"breadcrumb\":{\"@id\":\"https:\/\/vilanovadisanta.com\/en\/politica-cookies\/#breadcrumb\"},\"inLanguage\":\"en-US\",\"potentialAction\":[{\"@type\":\"ReadAction\",\"target\":[\"https:\/\/vilanovadisanta.com\/en\/politica-cookies\/\"]}]},{\"@type\":\"BreadcrumbList\",\"@id\":\"https:\/\/vilanovadisanta.com\/en\/politica-cookies\/#breadcrumb\",\"itemListElement\":[{\"@type\":\"ListItem\",\"position\":1,\"name\":\"Portada\",\"item\":\"http:\/\/vilanovadisanta.com\/en\/\"},{\"@type\":\"ListItem\",\"position\":2,\"name\":\"Pol\u00edtica de cookies\"}]},{\"@type\":\"WebSite\",\"@id\":\"https:\/\/vilanovadisanta.com\/#website\",\"url\":\"https:\/\/vilanovadisanta.com\/\",\"name\":\"Vilanova d&#039;Isanta\",\"description\":\"\",\"publisher\":{\"@id\":\"https:\/\/vilanovadisanta.com\/#organization\"},\"potentialAction\":[{\"@type\":\"SearchAction\",\"target\":{\"@type\":\"EntryPoint\",\"urlTemplate\":\"https:\/\/vilanovadisanta.com\/?s={search_term_string}\"},\"query-input\":{\"@type\":\"PropertyValueSpecification\",\"valueRequired\":true,\"valueName\":\"search_term_string\"}}],\"inLanguage\":\"en-US\"},{\"@type\":\"Organization\",\"@id\":\"https:\/\/vilanovadisanta.com\/#organization\",\"name\":\"Vilanova d&#039;Isanta\",\"url\":\"https:\/\/vilanovadisanta.com\/\",\"logo\":{\"@type\":\"ImageObject\",\"inLanguage\":\"en-US\",\"@id\":\"https:\/\/vilanovadisanta.com\/#\/schema\/logo\/image\/\",\"url\":\"https:\/\/vilanovadisanta.com\/wp-content\/uploads\/2018\/09\/LogoVilanova_blanc-bo.png\",\"contentUrl\":\"https:\/\/vilanovadisanta.com\/wp-content\/uploads\/2018\/09\/LogoVilanova_blanc-bo.png\",\"width\":300,\"height\":136,\"caption\":\"Vilanova d&#039;Isanta\"},\"image\":{\"@id\":\"https:\/\/vilanovadisanta.com\/#\/schema\/logo\/image\/\"}}]}<\/script>\n<!-- \/ Yoast SEO plugin. -->","yoast_head_json":{"title":"Pol\u00edtica de cookies - Vilanova d&#039;Isanta","robots":{"index":"index","follow":"follow","max-snippet":"max-snippet:-1","max-image-preview":"max-image-preview:large","max-video-preview":"max-video-preview:-1"},"canonical":"https:\/\/vilanovadisanta.com\/en\/politica-cookies\/","og_locale":"en_US","og_type":"article","og_title":"Pol\u00edtica de cookies - Vilanova d&#039;Isanta","og_description":"Qu\u00e8 son les cookies? Una cookie es un fitxer que es descarrega al seu ordinador al accedir a determinades p\u00e0gines web. Les cookies permeten a una p\u00e0gina web, entre altres coses, emmagatzemar y recuperar informaci\u00f3 sobre els h\u00e0bits de navegaci\u00f3 &hellip; Read More","og_url":"https:\/\/vilanovadisanta.com\/en\/politica-cookies\/","og_site_name":"Vilanova d&#039;Isanta","twitter_card":"summary_large_image","twitter_misc":{"Est. reading time":"3 minutes"},"schema":{"@context":"https:\/\/schema.org","@graph":[{"@type":"WebPage","@id":"https:\/\/vilanovadisanta.com\/en\/politica-cookies\/","url":"https:\/\/vilanovadisanta.com\/en\/politica-cookies\/","name":"Pol\u00edtica de cookies - Vilanova d&#039;Isanta","isPartOf":{"@id":"https:\/\/vilanovadisanta.com\/#website"},"datePublished":"2018-07-02T08:47:49+00:00","breadcrumb":{"@id":"https:\/\/vilanovadisanta.com\/en\/politica-cookies\/#breadcrumb"},"inLanguage":"en-US","potentialAction":[{"@type":"ReadAction","target":["https:\/\/vilanovadisanta.com\/en\/politica-cookies\/"]}]},{"@type":"BreadcrumbList","@id":"https:\/\/vilanovadisanta.com\/en\/politica-cookies\/#breadcrumb","itemListElement":[{"@type":"ListItem","position":1,"name":"Portada","item":"http:\/\/vilanovadisanta.com\/en\/"},{"@type":"ListItem","position":2,"name":"Pol\u00edtica de cookies"}]},{"@type":"WebSite","@id":"https:\/\/vilanovadisanta.com\/#website","url":"https:\/\/vilanovadisanta.com\/","name":"Vilanova d&#039;Isanta","description":"","publisher":{"@id":"https:\/\/vilanovadisanta.com\/#organization"},"potentialAction":[{"@type":"SearchAction","target":{"@type":"EntryPoint","urlTemplate":"https:\/\/vilanovadisanta.com\/?s={search_term_string}"},"query-input":{"@type":"PropertyValueSpecification","valueRequired":true,"valueName":"search_term_string"}}],"inLanguage":"en-US"},{"@type":"Organization","@id":"https:\/\/vilanovadisanta.com\/#organization","name":"Vilanova d&#039;Isanta","url":"https:\/\/vilanovadisanta.com\/","logo":{"@type":"ImageObject","inLanguage":"en-US","@id":"https:\/\/vilanovadisanta.com\/#\/schema\/logo\/image\/","url":"https:\/\/vilanovadisanta.com\/wp-content\/uploads\/2018\/09\/LogoVilanova_blanc-bo.png","contentUrl":"https:\/\/vilanovadisanta.com\/wp-content\/uploads\/2018\/09\/LogoVilanova_blanc-bo.png","width":300,"height":136,"caption":"Vilanova d&#039;Isanta"},"image":{"@id":"https:\/\/vilanovadisanta.com\/#\/schema\/logo\/image\/"}}]}},"_links":{"self":[{"href":"https:\/\/vilanovadisanta.com\/en\/wp-json\/wp\/v2\/pages\/2279","targetHints":{"allow":["GET"]}}],"collection":[{"href":"https:\/\/vilanovadisanta.com\/en\/wp-json\/wp\/v2\/pages"}],"about":[{"href":"https:\/\/vilanovadisanta.com\/en\/wp-json\/wp\/v2\/types\/page"}],"author":[{"embeddable":true,"href":"https:\/\/vilanovadisanta.com\/en\/wp-json\/wp\/v2\/users\/1"}],"replies":[{"embeddable":true,"href":"https:\/\/vilanovadisanta.com\/en\/wp-json\/wp\/v2\/comments?post=2279"}],"version-history":[{"count":0,"href":"https:\/\/vilanovadisanta.com\/en\/wp-json\/wp\/v2\/pages\/2279\/revisions"}],"wp:attachment":[{"href":"https:\/\/vilanovadisanta.com\/en\/wp-json\/wp\/v2\/media?parent=2279"}],"curies":[{"name":"wp","href":"https:\/\/api.w.org\/{rel}","templated":true}]}}